{"id":213,"date":"2020-04-17T17:53:27","date_gmt":"2020-04-17T17:53:27","guid":{"rendered":"https:\/\/startersites.io\/blocksy\/travel\/?page_id=213"},"modified":"2025-06-09T22:38:33","modified_gmt":"2025-06-09T20:38:33","slug":"contact","status":"publish","type":"page","link":"https:\/\/chezpaulette24.com\/en\/contact\/","title":{"rendered":"Contact"},"content":{"rendered":"<div data-elementor-type=\"wp-page\" data-elementor-id=\"213\" class=\"elementor elementor-213\">\n\t\t\t\t\t\t<section class=\"elementor-section elementor-top-section elementor-element elementor-element-fb7e882 elementor-section-boxed elementor-section-height-default elementor-section-height-default\" data-id=\"fb7e882\" data-element_type=\"section\">\n\t\t\t\t\t\t<div class=\"elementor-container elementor-column-gap-wide\">\n\t\t\t\t\t<div class=\"elementor-column elementor-col-50 elementor-top-column elementor-element elementor-element-55228e9\" data-id=\"55228e9\" data-element_type=\"column\">\n\t\t\t<div class=\"elementor-widget-wrap elementor-element-populated\">\n\t\t\t\t\t\t<div class=\"elementor-element elementor-element-e73c80e elementor-widget elementor-widget-heading\" data-id=\"e73c80e\" data-element_type=\"widget\" data-widget_type=\"heading.default\">\n\t\t\t\t<div class=\"elementor-widget-container\">\n\t\t\t\t\t<h4 class=\"elementor-heading-title elementor-size-default\">Any questions ? We are at your disposal.<\/h4>\t\t\t\t<\/div>\n\t\t\t\t<\/div>\n\t\t\t\t\t<\/div>\n\t\t<\/div>\n\t\t\t\t<div class=\"elementor-column elementor-col-50 elementor-top-column elementor-element elementor-element-e6c6dca\" data-id=\"e6c6dca\" data-element_type=\"column\">\n\t\t\t<div class=\"elementor-widget-wrap elementor-element-populated\">\n\t\t\t\t\t\t<div class=\"elementor-element elementor-element-be7d36b elementor-widget elementor-widget-google_maps\" data-id=\"be7d36b\" data-element_type=\"widget\" data-widget_type=\"google_maps.default\">\n\t\t\t\t<div class=\"elementor-widget-container\">\n\t\t\t\t\t\t\t<div class=\"elementor-custom-embed\">\n\t\t\t<iframe loading=\"lazy\"\n\t\t\t\t\tsrc=\"https:\/\/maps.google.com\/maps?q=363%20rue%20de%20la%20vieille%20auberge%2024480%20Moli%C3%A8res&#038;t=m&#038;z=10&#038;output=embed&#038;iwloc=near\"\n\t\t\t\t\ttitle=\"363 rue de la vieille auberge 24480 Moli\u00e8res\"\n\t\t\t\t\taria-label=\"363 rue de la vieille auberge 24480 Moli\u00e8res\"\n\t\t\t><\/iframe>\n\t\t<\/div>\n\t\t\t\t\t\t<\/div>\n\t\t\t\t<\/div>\n\t\t\t\t\t<\/div>\n\t\t<\/div>\n\t\t\t\t\t<\/div>\n\t\t<\/section>\n\t\t\t\t<section class=\"elementor-section elementor-top-section elementor-element elementor-element-71d95fa elementor-section-boxed elementor-section-height-default elementor-section-height-default\" data-id=\"71d95fa\" data-element_type=\"section\">\n\t\t\t\t\t\t<div class=\"elementor-container elementor-column-gap-default\">\n\t\t\t\t\t<div class=\"elementor-column elementor-col-33 elementor-top-column elementor-element elementor-element-967e272\" data-id=\"967e272\" data-element_type=\"column\">\n\t\t\t<div class=\"elementor-widget-wrap elementor-element-populated\">\n\t\t\t\t\t\t<div class=\"elementor-element elementor-element-0fab9cd elementor-view-stacked elementor-shape-circle elementor-position-top elementor-mobile-position-top elementor-widget elementor-widget-icon-box\" data-id=\"0fab9cd\" data-element_type=\"widget\" data-widget_type=\"icon-box.default\">\n\t\t\t\t<div class=\"elementor-widget-container\">\n\t\t\t\t\t\t\t<div class=\"elementor-icon-box-wrapper\">\n\n\t\t\t\t\t\t<div class=\"elementor-icon-box-icon\">\n\t\t\t\t<span  class=\"elementor-icon\">\n\t\t\t\t<svg aria-hidden=\"true\" class=\"e-font-icon-svg e-fas-map-marker-alt\" viewbox=\"0 0 384 512\" xmlns=\"http:\/\/www.w3.org\/2000\/svg\"><path d=\"M172.268 501.67C26.97 291.031 0 269.413 0 192 0 85.961 85.961 0 192 0s192 85.961 192 192c0 77.413-26.97 99.031-172.268 309.67-9.535 13.774-29.93 13.773-39.464 0zM192 272c44.183 0 80-35.817 80-80s-35.817-80-80-80-80 35.817-80 80 35.817 80 80 80z\"><\/path><\/svg>\t\t\t\t<\/span>\n\t\t\t<\/div>\n\t\t\t\n\t\t\t\t\t\t<div class=\"elementor-icon-box-content\">\n\n\t\t\t\t\t\t\t\t\t<h4 class=\"elementor-icon-box-title\">\n\t\t\t\t\t\t<span  >\n\t\t\t\t\t\t\tAddress\t\t\t\t\t\t<\/span>\n\t\t\t\t\t<\/h4>\n\t\t\t\t\n\t\t\t\t\t\t\t\t\t<p class=\"elementor-icon-box-description\">\n\t\t\t\t\t\t363 rue de la Vieille Auberge<br>24480 Moli\u00e8res\t\t\t\t\t<\/p>\n\t\t\t\t\n\t\t\t<\/div>\n\t\t\t\n\t\t<\/div>\n\t\t\t\t\t\t<\/div>\n\t\t\t\t<\/div>\n\t\t\t\t\t<\/div>\n\t\t<\/div>\n\t\t\t\t<div class=\"elementor-column elementor-col-33 elementor-top-column elementor-element elementor-element-939b86d\" data-id=\"939b86d\" data-element_type=\"column\">\n\t\t\t<div class=\"elementor-widget-wrap elementor-element-populated\">\n\t\t\t\t\t\t<div class=\"elementor-element elementor-element-6c989ce elementor-view-stacked elementor-shape-circle elementor-position-top elementor-mobile-position-top elementor-widget elementor-widget-icon-box\" data-id=\"6c989ce\" data-element_type=\"widget\" data-widget_type=\"icon-box.default\">\n\t\t\t\t<div class=\"elementor-widget-container\">\n\t\t\t\t\t\t\t<div class=\"elementor-icon-box-wrapper\">\n\n\t\t\t\t\t\t<div class=\"elementor-icon-box-icon\">\n\t\t\t\t<span  class=\"elementor-icon\">\n\t\t\t\t<svg aria-hidden=\"true\" class=\"e-font-icon-svg e-fas-envelope\" viewbox=\"0 0 512 512\" xmlns=\"http:\/\/www.w3.org\/2000\/svg\"><path d=\"M502.3 190.8c3.9-3.1 9.7-.2 9.7 4.7V400c0 26.5-21.5 48-48 48H48c-26.5 0-48-21.5-48-48V195.6c0-5 5.7-7.8 9.7-4.7 22.4 17.4 52.1 39.5 154.1 113.6 21.1 15.4 56.7 47.8 92.2 47.6 35.7.3 72-32.8 92.3-47.6 102-74.1 131.6-96.3 154-113.7zM256 320c23.2.4 56.6-29.2 73.4-41.4 132.7-96.3 142.8-104.7 173.4-128.7 5.8-4.5 9.2-11.5 9.2-18.9v-19c0-26.5-21.5-48-48-48H48C21.5 64 0 85.5 0 112v19c0 7.4 3.4 14.3 9.2 18.9 30.6 23.9 40.7 32.4 173.4 128.7 16.8 12.2 50.2 41.8 73.4 41.4z\"><\/path><\/svg>\t\t\t\t<\/span>\n\t\t\t<\/div>\n\t\t\t\n\t\t\t\t\t\t<div class=\"elementor-icon-box-content\">\n\n\t\t\t\t\t\t\t\t\t<h4 class=\"elementor-icon-box-title\">\n\t\t\t\t\t\t<span  >\n\t\t\t\t\t\t\tEmail\t\t\t\t\t\t<\/span>\n\t\t\t\t\t<\/h4>\n\t\t\t\t\n\t\t\t\t\t\t\t\t\t<p class=\"elementor-icon-box-description\">\n\t\t\t\t\t\tmorganesoret@gmail.com\t\t\t\t\t<\/p>\n\t\t\t\t\n\t\t\t<\/div>\n\t\t\t\n\t\t<\/div>\n\t\t\t\t\t\t<\/div>\n\t\t\t\t<\/div>\n\t\t\t\t\t<\/div>\n\t\t<\/div>\n\t\t\t\t<div class=\"elementor-column elementor-col-33 elementor-top-column elementor-element elementor-element-4039d24\" data-id=\"4039d24\" data-element_type=\"column\">\n\t\t\t<div class=\"elementor-widget-wrap elementor-element-populated\">\n\t\t\t\t\t\t<div class=\"elementor-element elementor-element-6bb22a3 elementor-view-stacked elementor-shape-circle elementor-position-top elementor-mobile-position-top elementor-widget elementor-widget-icon-box\" data-id=\"6bb22a3\" data-element_type=\"widget\" data-widget_type=\"icon-box.default\">\n\t\t\t\t<div class=\"elementor-widget-container\">\n\t\t\t\t\t\t\t<div class=\"elementor-icon-box-wrapper\">\n\n\t\t\t\t\t\t<div class=\"elementor-icon-box-icon\">\n\t\t\t\t<span  class=\"elementor-icon\">\n\t\t\t\t<svg aria-hidden=\"true\" class=\"e-font-icon-svg e-fas-mobile\" viewbox=\"0 0 320 512\" xmlns=\"http:\/\/www.w3.org\/2000\/svg\"><path d=\"M272 0H48C21.5 0 0 21.5 0 48v416c0 26.5 21.5 48 48 48h224c26.5 0 48-21.5 48-48V48c0-26.5-21.5-48-48-48zM160 480c-17.7 0-32-14.3-32-32s14.3-32 32-32 32 14.3 32 32-14.3 32-32 32z\"><\/path><\/svg>\t\t\t\t<\/span>\n\t\t\t<\/div>\n\t\t\t\n\t\t\t\t\t\t<div class=\"elementor-icon-box-content\">\n\n\t\t\t\t\t\t\t\t\t<h4 class=\"elementor-icon-box-title\">\n\t\t\t\t\t\t<span  >\n\t\t\t\t\t\t\tPhone\t\t\t\t\t\t<\/span>\n\t\t\t\t\t<\/h4>\n\t\t\t\t\n\t\t\t\t\t\t\t\t\t<p class=\"elementor-icon-box-description\">\n\t\t\t\t\t\t+ 33 (0)7 76 74 93 25\t\t\t\t\t<\/p>\n\t\t\t\t\n\t\t\t<\/div>\n\t\t\t\n\t\t<\/div>\n\t\t\t\t\t\t<\/div>\n\t\t\t\t<\/div>\n\t\t\t\t\t<\/div>\n\t\t<\/div>\n\t\t\t\t\t<\/div>\n\t\t<\/section>\n\t\t\t\t<section class=\"elementor-section elementor-top-section elementor-element elementor-element-55911d3 elementor-section-boxed elementor-section-height-default elementor-section-height-default\" data-id=\"55911d3\" data-element_type=\"section\">\n\t\t\t\t\t\t<div class=\"elementor-container elementor-column-gap-default\">\n\t\t\t\t\t<div class=\"elementor-column elementor-col-100 elementor-top-column elementor-element elementor-element-2cb3853\" data-id=\"2cb3853\" data-element_type=\"column\">\n\t\t\t<div class=\"elementor-widget-wrap elementor-element-populated\">\n\t\t\t\t\t\t<div class=\"elementor-element elementor-element-b658738 elementor-widget elementor-widget-spacer\" data-id=\"b658738\" data-element_type=\"widget\" data-widget_type=\"spacer.default\">\n\t\t\t\t<div class=\"elementor-widget-container\">\n\t\t\t\t\t\t\t<div class=\"elementor-spacer\">\n\t\t\t<div class=\"elementor-spacer-inner\"><\/div>\n\t\t<\/div>\n\t\t\t\t\t\t<\/div>\n\t\t\t\t<\/div>\n\t\t\t\t\t<\/div>\n\t\t<\/div>\n\t\t\t\t\t<\/div>\n\t\t<\/section>\n\t\t\t\t<\/div>","protected":false},"excerpt":{"rendered":"<p>Des questions? Nous sommes \u00e0 votre disposition. Adresse 363 rue de la Vieille Auberge24480 Moli\u00e8res Adresse email morganesoret@gmail.com T\u00e9l\u00e9phone + 33 (0)7 76 74 93 25<\/p>","protected":false},"author":1,"featured_media":454,"parent":0,"menu_order":0,"comment_status":"closed","ping_status":"closed","template":"","meta":{"footnotes":""},"class_list":["post-213","page","type-page","status-publish","has-post-thumbnail","hentry"],"blocksy_meta":{"page_title_panel":"","has_hero_section":"disabled","3d15bb4bba334a243b0125b3bea35be1":"","hero_section":"type-1","hero_elements":[{"id":"custom_title","enabled":true},{"id":"breadcrumbs","enabled":false},{"id":"custom_description","enabled":true,"description_visibility":{"desktop":true,"tablet":true,"mobile":false}},{"id":"custom_meta","enabled":true,"single_meta_elements":{"author":false,"date":false,"categories":false,"comments":false,"updated":false,"tags":false},"page_meta_elements":{"joined":true,"articles_count":true,"comments":true}}],"d313c8e62ef5f1de11b0cefe464d030e":"","hero_alignment1":"left","hero_alignment2":"center","hero_height":"230px","page_title_bg_type":"color","custom_hero_background":{"attachment_id":null},"parallax":{"desktop":false,"tablet":false,"mobile":false},"pageTitleFont":{"family":"Default","variation":"Default","size":{"desktop":"32px","tablet":"30px","mobile":"25px"},"line-height":"1.3","letter-spacing":"CT_CSS_SKIP_RULE","text-transform":"CT_CSS_SKIP_RULE","text-decoration":"CT_CSS_SKIP_RULE"},"pageTitleFontColor":{"default":{"color":"CT_CSS_SKIP_RULEDEFAULT"}},"pageMetaFont":{"family":"Default","variation":"n6","size":{"desktop":"12px","tablet":"12px","mobile":"12px"},"line-height":"1.3","letter-spacing":"CT_CSS_SKIP_RULE","text-transform":"uppercase","text-decoration":"CT_CSS_SKIP_RULE"},"pageMetaFontColor":{"default":{"color":"CT_CSS_SKIP_RULEDEFAULT"},"hover":{"color":"CT_CSS_SKIP_RULEDEFAULT"}},"pageExcerptFont":{"family":"Default","variation":"n5","size":"CT_CSS_SKIP_RULE","line-height":"CT_CSS_SKIP_RULE","letter-spacing":"CT_CSS_SKIP_RULE","text-transform":"CT_CSS_SKIP_RULE","text-decoration":"CT_CSS_SKIP_RULE"},"pageExcerptColor":{"default":{"color":"CT_CSS_SKIP_RULEDEFAULT"}},"breadcrumbsFont":{"family":"Default","variation":"n6","size":"12px","line-height":"CT_CSS_SKIP_RULE","letter-spacing":"CT_CSS_SKIP_RULE","text-transform":"uppercase","text-decoration":"CT_CSS_SKIP_RULE"},"breadcrumbsFontColor":{"default":{"color":"CT_CSS_SKIP_RULEDEFAULT"},"initial":{"color":"CT_CSS_SKIP_RULEDEFAULT"},"hover":{"color":"CT_CSS_SKIP_RULEDEFAULT"}},"pageTitleOverlay":{"default":{"color":"rgba(41, 51, 60, 0.2)"}},"pageTitleBackground":{"background_type":"color","background_pattern":"type-1","background_image":{"attachment_id":null,"x":0,"y":0},"background_repeat":"no-repeat","background_size":"auto","background_attachment":"scroll","patternColor":{"default":{"color":"#e5e7ea"}},"backgroundColor":{"default":{"color":"#EDEFF2"}}},"2e401624050e2b4d7ad96e4de4418ff3":"","page_structure_type":"default","page_enable_vertical_spacing":"no","d80e26b6a2615bd883bfd17d2870971e":"","disable_featured_image":"no","78e71bdf393c3d876f2795e1e5b64b1f":"","51df3030fd71840222bbcdecbc3146d4":"","hero_structure":"narrow","262bdd9221ebae1fdff1994ed7af1075":"","content_style":"inherit","vertical_spacing_source":"custom","content_area_spacing":"none","background":{"background_type":"color","background_pattern":"type-1","background_image":{"attachment_id":null,"x":0,"y":0},"background_repeat":"no-repeat","background_size":"auto","background_attachment":"scroll","patternColor":{"default":{"color":"#e5e7ea"}},"backgroundColor":{"default":{"color":"CT_CSS_SKIP_RULE"}}},"content_background":{"background_type":"color","background_pattern":"type-1","background_image":{"attachment_id":null,"x":0,"y":0},"background_repeat":"no-repeat","background_size":"auto","background_attachment":"scroll","patternColor":{"default":{"color":"#e5e7ea"}},"backgroundColor":{"default":{"color":"#ffffff"}}},"content_boxed_spacing":{"desktop":"40px","tablet":"35px","mobile":"20px"},"content_boxed_radius":{"top":"3px","bottom":"3px","left":"3px","right":"3px","linked":true},"content_boxed_shadow":{"blur":18,"spread":-6,"v_offset":12,"h_offset":0,"inset":false,"enable":true,"color":{"color":"rgba(34, 56, 101, 0.04)"}},"67fd60e80e179b72afa5d6a407e85b29":"","styles_descriptor":{"styles":{"desktop":"","tablet":"","mobile":""},"google_fonts":[],"version":6}},"yoast_head":"<!-- This site is optimized with the Yoast SEO plugin v25.3 - https:\/\/yoast.com\/wordpress\/plugins\/seo\/ -->\n<title>Contact - Chez Paulette - G\u00eetes en Dordogne, P\u00e9rigord Noir<\/title>\n<meta name=\"robots\" content=\"index, follow, max-snippet:-1, max-image-preview:large, max-video-preview:-1\" \/>\n<link rel=\"canonical\" href=\"https:\/\/chezpaulette24.com\/en\/contact\/\" \/>\n<meta property=\"og:locale\" content=\"en_GB\" \/>\n<meta property=\"og:type\" content=\"article\" \/>\n<meta property=\"og:title\" content=\"Contact - Chez Paulette - G\u00eetes en Dordogne, P\u00e9rigord Noir\" \/>\n<meta property=\"og:description\" content=\"Des questions? Nous sommes \u00e0 votre disposition. Adresse 363 rue de la Vieille Auberge24480 Moli\u00e8res Adresse email morganesoret@gmail.com T\u00e9l\u00e9phone + 33 (0)7 76 74 93 25\" \/>\n<meta property=\"og:url\" content=\"https:\/\/chezpaulette24.com\/en\/contact\/\" \/>\n<meta property=\"og:site_name\" content=\"Chez Paulette - G\u00eetes en Dordogne, P\u00e9rigord Noir\" \/>\n<meta property=\"article:modified_time\" content=\"2025-06-09T20:38:33+00:00\" \/>\n<meta property=\"og:image\" content=\"https:\/\/chezpaulette24.com\/wp-content\/uploads\/2024\/11\/9DB55699-AD8A-4966-8188-C8D2DF22DAB4_L0_001-17_09_2023-19_03_23-1.jpg\" \/>\n\t<meta property=\"og:image:width\" content=\"1024\" \/>\n\t<meta property=\"og:image:height\" content=\"576\" \/>\n\t<meta property=\"og:image:type\" content=\"image\/jpeg\" \/>\n<meta name=\"twitter:card\" content=\"summary_large_image\" \/>\n<script type=\"application\/ld+json\" class=\"yoast-schema-graph\">{\"@context\":\"https:\/\/schema.org\",\"@graph\":[{\"@type\":\"WebPage\",\"@id\":\"https:\/\/chezpaulette24.com\/contact\/\",\"url\":\"https:\/\/chezpaulette24.com\/contact\/\",\"name\":\"Contact - Chez Paulette - G\u00eetes en Dordogne, P\u00e9rigord Noir\",\"isPartOf\":{\"@id\":\"https:\/\/chezpaulette24.com\/#website\"},\"primaryImageOfPage\":{\"@id\":\"https:\/\/chezpaulette24.com\/contact\/#primaryimage\"},\"image\":{\"@id\":\"https:\/\/chezpaulette24.com\/contact\/#primaryimage\"},\"thumbnailUrl\":\"https:\/\/chezpaulette24.com\/wp-content\/uploads\/2024\/11\/9DB55699-AD8A-4966-8188-C8D2DF22DAB4_L0_001-17_09_2023-19_03_23-1.jpg\",\"datePublished\":\"2020-04-17T17:53:27+00:00\",\"dateModified\":\"2025-06-09T20:38:33+00:00\",\"breadcrumb\":{\"@id\":\"https:\/\/chezpaulette24.com\/contact\/#breadcrumb\"},\"inLanguage\":\"en-GB\",\"potentialAction\":[{\"@type\":\"ReadAction\",\"target\":[\"https:\/\/chezpaulette24.com\/contact\/\"]}]},{\"@type\":\"ImageObject\",\"inLanguage\":\"en-GB\",\"@id\":\"https:\/\/chezpaulette24.com\/contact\/#primaryimage\",\"url\":\"https:\/\/chezpaulette24.com\/wp-content\/uploads\/2024\/11\/9DB55699-AD8A-4966-8188-C8D2DF22DAB4_L0_001-17_09_2023-19_03_23-1.jpg\",\"contentUrl\":\"https:\/\/chezpaulette24.com\/wp-content\/uploads\/2024\/11\/9DB55699-AD8A-4966-8188-C8D2DF22DAB4_L0_001-17_09_2023-19_03_23-1.jpg\",\"width\":1024,\"height\":576,\"caption\":\"Le domaine Chez Paulette\"},{\"@type\":\"BreadcrumbList\",\"@id\":\"https:\/\/chezpaulette24.com\/contact\/#breadcrumb\",\"itemListElement\":[{\"@type\":\"ListItem\",\"position\":1,\"name\":\"Accueil\",\"item\":\"https:\/\/chezpaulette24.com\/\"},{\"@type\":\"ListItem\",\"position\":2,\"name\":\"Contact\"}]},{\"@type\":\"WebSite\",\"@id\":\"https:\/\/chezpaulette24.com\/#website\",\"url\":\"https:\/\/chezpaulette24.com\/\",\"name\":\"Chez Paulette - G\u00eetes en Dordogne, P\u00e9rigord Noir\",\"description\":\"G\u00eetes authentiques pour des vacances r\u00e9ussies en Dordogne\",\"publisher\":{\"@id\":\"https:\/\/chezpaulette24.com\/#organization\"},\"potentialAction\":[{\"@type\":\"SearchAction\",\"target\":{\"@type\":\"EntryPoint\",\"urlTemplate\":\"https:\/\/chezpaulette24.com\/?s={search_term_string}\"},\"query-input\":{\"@type\":\"PropertyValueSpecification\",\"valueRequired\":true,\"valueName\":\"search_term_string\"}}],\"inLanguage\":\"en-GB\"},{\"@type\":\"Organization\",\"@id\":\"https:\/\/chezpaulette24.com\/#organization\",\"name\":\"Chez Paulette - G\u00eetes en Dordogne, P\u00e9rigord Noir\",\"url\":\"https:\/\/chezpaulette24.com\/\",\"logo\":{\"@type\":\"ImageObject\",\"inLanguage\":\"en-GB\",\"@id\":\"https:\/\/chezpaulette24.com\/#\/schema\/logo\/image\/\",\"url\":\"https:\/\/chezpaulette24.com\/wp-content\/uploads\/2024\/11\/Logo-Vert.png\",\"contentUrl\":\"https:\/\/chezpaulette24.com\/wp-content\/uploads\/2024\/11\/Logo-Vert.png\",\"width\":500,\"height\":500,\"caption\":\"Chez Paulette - G\u00eetes en Dordogne, P\u00e9rigord Noir\"},\"image\":{\"@id\":\"https:\/\/chezpaulette24.com\/#\/schema\/logo\/image\/\"}}]}<\/script>\n<!-- \/ Yoast SEO plugin. -->","yoast_head_json":{"title":"Contact - Chez Paulette - G\u00eetes en Dordogne, P\u00e9rigord Noir","robots":{"index":"index","follow":"follow","max-snippet":"max-snippet:-1","max-image-preview":"max-image-preview:large","max-video-preview":"max-video-preview:-1"},"canonical":"https:\/\/chezpaulette24.com\/en\/contact\/","og_locale":"en_GB","og_type":"article","og_title":"Contact - Chez Paulette - G\u00eetes en Dordogne, P\u00e9rigord Noir","og_description":"Des questions? Nous sommes \u00e0 votre disposition. Adresse 363 rue de la Vieille Auberge24480 Moli\u00e8res Adresse email morganesoret@gmail.com T\u00e9l\u00e9phone + 33 (0)7 76 74 93 25","og_url":"https:\/\/chezpaulette24.com\/en\/contact\/","og_site_name":"Chez Paulette - G\u00eetes en Dordogne, P\u00e9rigord Noir","article_modified_time":"2025-06-09T20:38:33+00:00","og_image":[{"width":1024,"height":576,"url":"https:\/\/chezpaulette24.com\/wp-content\/uploads\/2024\/11\/9DB55699-AD8A-4966-8188-C8D2DF22DAB4_L0_001-17_09_2023-19_03_23-1.jpg","type":"image\/jpeg"}],"twitter_card":"summary_large_image","schema":{"@context":"https:\/\/schema.org","@graph":[{"@type":"WebPage","@id":"https:\/\/chezpaulette24.com\/contact\/","url":"https:\/\/chezpaulette24.com\/contact\/","name":"Contact - Chez Paulette - G\u00eetes en Dordogne, P\u00e9rigord Noir","isPartOf":{"@id":"https:\/\/chezpaulette24.com\/#website"},"primaryImageOfPage":{"@id":"https:\/\/chezpaulette24.com\/contact\/#primaryimage"},"image":{"@id":"https:\/\/chezpaulette24.com\/contact\/#primaryimage"},"thumbnailUrl":"https:\/\/chezpaulette24.com\/wp-content\/uploads\/2024\/11\/9DB55699-AD8A-4966-8188-C8D2DF22DAB4_L0_001-17_09_2023-19_03_23-1.jpg","datePublished":"2020-04-17T17:53:27+00:00","dateModified":"2025-06-09T20:38:33+00:00","breadcrumb":{"@id":"https:\/\/chezpaulette24.com\/contact\/#breadcrumb"},"inLanguage":"en-GB","potentialAction":[{"@type":"ReadAction","target":["https:\/\/chezpaulette24.com\/contact\/"]}]},{"@type":"ImageObject","inLanguage":"en-GB","@id":"https:\/\/chezpaulette24.com\/contact\/#primaryimage","url":"https:\/\/chezpaulette24.com\/wp-content\/uploads\/2024\/11\/9DB55699-AD8A-4966-8188-C8D2DF22DAB4_L0_001-17_09_2023-19_03_23-1.jpg","contentUrl":"https:\/\/chezpaulette24.com\/wp-content\/uploads\/2024\/11\/9DB55699-AD8A-4966-8188-C8D2DF22DAB4_L0_001-17_09_2023-19_03_23-1.jpg","width":1024,"height":576,"caption":"Le domaine Chez Paulette"},{"@type":"BreadcrumbList","@id":"https:\/\/chezpaulette24.com\/contact\/#breadcrumb","itemListElement":[{"@type":"ListItem","position":1,"name":"Accueil","item":"https:\/\/chezpaulette24.com\/"},{"@type":"ListItem","position":2,"name":"Contact"}]},{"@type":"WebSite","@id":"https:\/\/chezpaulette24.com\/#website","url":"https:\/\/chezpaulette24.com\/","name":"Chez Paulette - G\u00eetes en Dordogne, P\u00e9rigord Noir","description":"G\u00eetes authentiques pour des vacances r\u00e9ussies en Dordogne","publisher":{"@id":"https:\/\/chezpaulette24.com\/#organization"},"potentialAction":[{"@type":"SearchAction","target":{"@type":"EntryPoint","urlTemplate":"https:\/\/chezpaulette24.com\/?s={search_term_string}"},"query-input":{"@type":"PropertyValueSpecification","valueRequired":true,"valueName":"search_term_string"}}],"inLanguage":"en-GB"},{"@type":"Organization","@id":"https:\/\/chezpaulette24.com\/#organization","name":"Chez Paulette - G\u00eetes en Dordogne, P\u00e9rigord Noir","url":"https:\/\/chezpaulette24.com\/","logo":{"@type":"ImageObject","inLanguage":"en-GB","@id":"https:\/\/chezpaulette24.com\/#\/schema\/logo\/image\/","url":"https:\/\/chezpaulette24.com\/wp-content\/uploads\/2024\/11\/Logo-Vert.png","contentUrl":"https:\/\/chezpaulette24.com\/wp-content\/uploads\/2024\/11\/Logo-Vert.png","width":500,"height":500,"caption":"Chez Paulette - G\u00eetes en Dordogne, P\u00e9rigord Noir"},"image":{"@id":"https:\/\/chezpaulette24.com\/#\/schema\/logo\/image\/"}}]}},"jetpack_sharing_enabled":true,"_links":{"self":[{"href":"https:\/\/chezpaulette24.com\/en\/wp-json\/wp\/v2\/pages\/213","targetHints":{"allow":["GET"]}}],"collection":[{"href":"https:\/\/chezpaulette24.com\/en\/wp-json\/wp\/v2\/pages"}],"about":[{"href":"https:\/\/chezpaulette24.com\/en\/wp-json\/wp\/v2\/types\/page"}],"author":[{"embeddable":true,"href":"https:\/\/chezpaulette24.com\/en\/wp-json\/wp\/v2\/users\/1"}],"replies":[{"embeddable":true,"href":"https:\/\/chezpaulette24.com\/en\/wp-json\/wp\/v2\/comments?post=213"}],"version-history":[{"count":18,"href":"https:\/\/chezpaulette24.com\/en\/wp-json\/wp\/v2\/pages\/213\/revisions"}],"predecessor-version":[{"id":1165,"href":"https:\/\/chezpaulette24.com\/en\/wp-json\/wp\/v2\/pages\/213\/revisions\/1165"}],"wp:featuredmedia":[{"embeddable":true,"href":"https:\/\/chezpaulette24.com\/en\/wp-json\/wp\/v2\/media\/454"}],"wp:attachment":[{"href":"https:\/\/chezpaulette24.com\/en\/wp-json\/wp\/v2\/media?parent=213"}],"curies":[{"name":"wp","href":"https:\/\/api.w.org\/{rel}","templated":true}]}}