{"id":164,"date":"2020-04-17T14:49:25","date_gmt":"2020-04-17T14:49:25","guid":{"rendered":"https:\/\/startersites.io\/blocksy\/travel\/?page_id=164"},"modified":"2025-06-09T21:42:37","modified_gmt":"2025-06-09T19:42:37","slug":"a-propos","status":"publish","type":"page","link":"https:\/\/chezpaulette24.com\/en\/a-propos\/","title":{"rendered":"\u00c0 propos"},"content":{"rendered":"<div data-elementor-type=\"wp-page\" data-elementor-id=\"164\" class=\"elementor elementor-164\">\n\t\t\t\t\t\t<section class=\"elementor-section elementor-top-section elementor-element elementor-element-7171754 elementor-reverse-tablet elementor-reverse-mobile elementor-section-boxed elementor-section-height-default elementor-section-height-default\" data-id=\"7171754\" data-element_type=\"section\">\n\t\t\t\t\t\t<div class=\"elementor-container elementor-column-gap-no\">\n\t\t\t\t\t<div class=\"elementor-column elementor-col-66 elementor-top-column elementor-element elementor-element-796f318\" data-id=\"796f318\" data-element_type=\"column\" data-settings=\"{&quot;background_background&quot;:&quot;classic&quot;}\">\n\t\t\t<div class=\"elementor-widget-wrap elementor-element-populated\">\n\t\t\t\t\t\t<div class=\"elementor-element elementor-element-f6f41bb elementor-widget elementor-widget-text-editor\" data-id=\"f6f41bb\" data-element_type=\"widget\" data-widget_type=\"text-editor.default\">\n\t\t\t\t<div class=\"elementor-widget-container\">\n\t\t\t\t\t\t\t\t\t<p data-start=\"108\" data-end=\"120\">Hello !\u00a0<\/p><p data-start=\"122\" data-end=\"326\">We\u2019re Quentin and Morgane. In 2023, we fell head over heels for the Dordogne, and ever since, we\u2019ve been lovingly restoring this charming farmhouse in Moli\u00e8res \u2014 a beautiful, lively little village right at the doorstep of the P\u00e9rigord Noir.<\/p><p data-start=\"328\" data-end=\"577\">We truly care about sharing this little green haven with you \u2014 a perfect place for a relaxing holiday. Come enjoy a peaceful stay, explore a region rich in history and heritage, and above all, feel right at home.<\/p><p data-start=\"579\" data-end=\"665\">We\u2019ll be delighted to welcome you and make your stay a wonderful experience.<\/p>\t\t\t\t\t\t\t\t<\/div>\n\t\t\t\t<\/div>\n\t\t\t\t\t<\/div>\n\t\t<\/div>\n\t\t\t\t<div class=\"elementor-column elementor-col-33 elementor-top-column elementor-element elementor-element-b3fec97\" data-id=\"b3fec97\" data-element_type=\"column\" data-settings=\"{&quot;background_background&quot;:&quot;classic&quot;}\">\n\t\t\t<div class=\"elementor-widget-wrap elementor-element-populated\">\n\t\t\t\t\t\t<div class=\"elementor-element elementor-element-349f96e elementor-widget elementor-widget-spacer\" data-id=\"349f96e\" data-element_type=\"widget\" data-widget_type=\"spacer.default\">\n\t\t\t\t<div class=\"elementor-widget-container\">\n\t\t\t\t\t\t\t<div class=\"elementor-spacer\">\n\t\t\t<div class=\"elementor-spacer-inner\"><\/div>\n\t\t<\/div>\n\t\t\t\t\t\t<\/div>\n\t\t\t\t<\/div>\n\t\t\t\t\t<\/div>\n\t\t<\/div>\n\t\t\t\t\t<\/div>\n\t\t<\/section>\n\t\t\t\t<section class=\"elementor-section elementor-top-section elementor-element elementor-element-d2bedc1 elementor-section-boxed elementor-section-height-default elementor-section-height-default\" data-id=\"d2bedc1\" data-element_type=\"section\">\n\t\t\t\t\t\t<div class=\"elementor-container elementor-column-gap-default\">\n\t\t\t\t\t<div class=\"elementor-column elementor-col-100 elementor-top-column elementor-element elementor-element-a2814df\" data-id=\"a2814df\" data-element_type=\"column\">\n\t\t\t<div class=\"elementor-widget-wrap elementor-element-populated\">\n\t\t\t\t\t\t<div class=\"elementor-element elementor-element-dddf0b5 elementor-widget elementor-widget-spacer\" data-id=\"dddf0b5\" data-element_type=\"widget\" data-widget_type=\"spacer.default\">\n\t\t\t\t<div class=\"elementor-widget-container\">\n\t\t\t\t\t\t\t<div class=\"elementor-spacer\">\n\t\t\t<div class=\"elementor-spacer-inner\"><\/div>\n\t\t<\/div>\n\t\t\t\t\t\t<\/div>\n\t\t\t\t<\/div>\n\t\t\t\t\t<\/div>\n\t\t<\/div>\n\t\t\t\t\t<\/div>\n\t\t<\/section>\n\t\t\t\t<\/div>","protected":false},"excerpt":{"rendered":"<p>Massa sed elementum tempus egestas sed sed risus. Risus at ultrices mi tempus imperdiet nulla malesuada pellentesque elit.<\/p>","protected":false},"author":1,"featured_media":454,"parent":0,"menu_order":0,"comment_status":"closed","ping_status":"closed","template":"","meta":{"footnotes":""},"class_list":["post-164","page","type-page","status-publish","has-post-thumbnail","hentry"],"blocksy_meta":{"page_title_panel":"","has_hero_section":"disabled","8dde94b88eca81613eaf41e6e63df8f3":"","hero_section":"type-1","hero_elements":[{"id":"custom_title","enabled":true},{"id":"breadcrumbs","enabled":false},{"id":"custom_description","enabled":true,"description_visibility":{"desktop":true,"tablet":true,"mobile":false}},{"id":"custom_meta","enabled":true,"single_meta_elements":{"author":false,"date":false,"categories":false,"comments":false,"updated":false,"tags":false},"page_meta_elements":{"joined":true,"articles_count":true,"comments":true}}],"b57ca4d32122654dfac08b0b6ccf6716":"","hero_alignment1":"left","hero_alignment2":"center","hero_height":"230px","page_title_bg_type":"color","custom_hero_background":{"attachment_id":null},"parallax":{"desktop":false,"tablet":false,"mobile":false},"pageTitleFont":{"family":"Default","variation":"Default","size":{"desktop":"32px","tablet":"30px","mobile":"25px"},"line-height":"1.3","letter-spacing":"CT_CSS_SKIP_RULE","text-transform":"CT_CSS_SKIP_RULE","text-decoration":"CT_CSS_SKIP_RULE"},"pageTitleFontColor":{"default":{"color":"CT_CSS_SKIP_RULEDEFAULT"}},"pageMetaFont":{"family":"Default","variation":"n6","size":{"desktop":"12px","tablet":"12px","mobile":"12px"},"line-height":"1.3","letter-spacing":"CT_CSS_SKIP_RULE","text-transform":"uppercase","text-decoration":"CT_CSS_SKIP_RULE"},"pageMetaFontColor":{"default":{"color":"CT_CSS_SKIP_RULEDEFAULT"},"hover":{"color":"CT_CSS_SKIP_RULEDEFAULT"}},"pageExcerptFont":{"family":"Default","variation":"n5","size":"CT_CSS_SKIP_RULE","line-height":"CT_CSS_SKIP_RULE","letter-spacing":"CT_CSS_SKIP_RULE","text-transform":"CT_CSS_SKIP_RULE","text-decoration":"CT_CSS_SKIP_RULE"},"pageExcerptColor":{"default":{"color":"CT_CSS_SKIP_RULEDEFAULT"}},"breadcrumbsFont":{"family":"Default","variation":"n6","size":"12px","line-height":"CT_CSS_SKIP_RULE","letter-spacing":"CT_CSS_SKIP_RULE","text-transform":"uppercase","text-decoration":"CT_CSS_SKIP_RULE"},"breadcrumbsFontColor":{"default":{"color":"CT_CSS_SKIP_RULEDEFAULT"},"initial":{"color":"CT_CSS_SKIP_RULEDEFAULT"},"hover":{"color":"CT_CSS_SKIP_RULEDEFAULT"}},"pageTitleOverlay":{"default":{"color":"rgba(41, 51, 60, 0.2)"}},"pageTitleBackground":{"background_type":"color","background_pattern":"type-1","background_image":{"attachment_id":null,"x":0,"y":0},"background_repeat":"no-repeat","background_size":"auto","background_attachment":"scroll","patternColor":{"default":{"color":"#e5e7ea"}},"backgroundColor":{"default":{"color":"#EDEFF2"}}},"30bd3d82d44c93ff512d385983934a8d":"","page_structure_type":"default","page_enable_vertical_spacing":"no","918019aae6b81bb57706ceeb2d06236b":"","disable_featured_image":"no","73fc40c930f9a5400d833b8700298f2f":"","d36a9c10c230eaf6c86b3a0408a49909":"","hero_structure":"narrow","9858ffa93290afa8ac31a0a3802db0eb":"","content_style":"inherit","vertical_spacing_source":"custom","content_area_spacing":"none","background":{"background_type":"color","background_pattern":"type-1","background_image":{"attachment_id":null,"x":0,"y":0},"background_repeat":"no-repeat","background_size":"auto","background_attachment":"scroll","patternColor":{"default":{"color":"#e5e7ea"}},"backgroundColor":{"default":{"color":"CT_CSS_SKIP_RULE"}}},"content_background":{"background_type":"color","background_pattern":"type-1","background_image":{"attachment_id":null,"x":0,"y":0},"background_repeat":"no-repeat","background_size":"auto","background_attachment":"scroll","patternColor":{"default":{"color":"#e5e7ea"}},"backgroundColor":{"default":{"color":"#ffffff"}}},"content_boxed_spacing":{"desktop":"40px","tablet":"35px","mobile":"20px"},"content_boxed_radius":{"top":"3px","bottom":"3px","left":"3px","right":"3px","linked":true},"content_boxed_shadow":{"blur":18,"spread":-6,"v_offset":12,"h_offset":0,"inset":false,"enable":true,"color":{"color":"rgba(34, 56, 101, 0.04)"}},"c7e3411feaaade2bd72c8d8c1b2029c1":"","styles_descriptor":{"styles":{"desktop":"","tablet":"","mobile":""},"google_fonts":[],"version":6}},"yoast_head":"<!-- This site is optimized with the Yoast SEO plugin v25.3 - https:\/\/yoast.com\/wordpress\/plugins\/seo\/ -->\n<title>\u00c0 propos - Chez Paulette - G\u00eetes en Dordogne, P\u00e9rigord Noir<\/title>\n<meta name=\"robots\" content=\"index, follow, max-snippet:-1, max-image-preview:large, max-video-preview:-1\" \/>\n<link rel=\"canonical\" href=\"https:\/\/chezpaulette24.com\/en\/a-propos\/\" \/>\n<meta property=\"og:locale\" content=\"en_GB\" \/>\n<meta property=\"og:type\" content=\"article\" \/>\n<meta property=\"og:title\" content=\"\u00c0 propos - Chez Paulette - G\u00eetes en Dordogne, P\u00e9rigord Noir\" \/>\n<meta property=\"og:description\" content=\"Massa sed elementum tempus egestas sed sed risus. Risus at ultrices mi tempus imperdiet nulla malesuada pellentesque elit.\" \/>\n<meta property=\"og:url\" content=\"https:\/\/chezpaulette24.com\/en\/a-propos\/\" \/>\n<meta property=\"og:site_name\" content=\"Chez Paulette - G\u00eetes en Dordogne, P\u00e9rigord Noir\" \/>\n<meta property=\"article:modified_time\" content=\"2025-06-09T19:42:37+00:00\" \/>\n<meta property=\"og:image\" content=\"https:\/\/chezpaulette24.com\/wp-content\/uploads\/2024\/11\/9DB55699-AD8A-4966-8188-C8D2DF22DAB4_L0_001-17_09_2023-19_03_23-1.jpg\" \/>\n\t<meta property=\"og:image:width\" content=\"1024\" \/>\n\t<meta property=\"og:image:height\" content=\"576\" \/>\n\t<meta property=\"og:image:type\" content=\"image\/jpeg\" \/>\n<meta name=\"twitter:card\" content=\"summary_large_image\" \/>\n<meta name=\"twitter:label1\" content=\"Estimated reading time\" \/>\n\t<meta name=\"twitter:data1\" content=\"1 minute\" \/>\n<script type=\"application\/ld+json\" class=\"yoast-schema-graph\">{\"@context\":\"https:\/\/schema.org\",\"@graph\":[{\"@type\":\"WebPage\",\"@id\":\"https:\/\/chezpaulette24.com\/a-propos\/\",\"url\":\"https:\/\/chezpaulette24.com\/a-propos\/\",\"name\":\"\u00c0 propos - Chez Paulette - G\u00eetes en Dordogne, P\u00e9rigord Noir\",\"isPartOf\":{\"@id\":\"https:\/\/chezpaulette24.com\/#website\"},\"primaryImageOfPage\":{\"@id\":\"https:\/\/chezpaulette24.com\/a-propos\/#primaryimage\"},\"image\":{\"@id\":\"https:\/\/chezpaulette24.com\/a-propos\/#primaryimage\"},\"thumbnailUrl\":\"https:\/\/chezpaulette24.com\/wp-content\/uploads\/2024\/11\/9DB55699-AD8A-4966-8188-C8D2DF22DAB4_L0_001-17_09_2023-19_03_23-1.jpg\",\"datePublished\":\"2020-04-17T14:49:25+00:00\",\"dateModified\":\"2025-06-09T19:42:37+00:00\",\"breadcrumb\":{\"@id\":\"https:\/\/chezpaulette24.com\/a-propos\/#breadcrumb\"},\"inLanguage\":\"en-GB\",\"potentialAction\":[{\"@type\":\"ReadAction\",\"target\":[\"https:\/\/chezpaulette24.com\/a-propos\/\"]}]},{\"@type\":\"ImageObject\",\"inLanguage\":\"en-GB\",\"@id\":\"https:\/\/chezpaulette24.com\/a-propos\/#primaryimage\",\"url\":\"https:\/\/chezpaulette24.com\/wp-content\/uploads\/2024\/11\/9DB55699-AD8A-4966-8188-C8D2DF22DAB4_L0_001-17_09_2023-19_03_23-1.jpg\",\"contentUrl\":\"https:\/\/chezpaulette24.com\/wp-content\/uploads\/2024\/11\/9DB55699-AD8A-4966-8188-C8D2DF22DAB4_L0_001-17_09_2023-19_03_23-1.jpg\",\"width\":1024,\"height\":576,\"caption\":\"Le domaine Chez Paulette\"},{\"@type\":\"BreadcrumbList\",\"@id\":\"https:\/\/chezpaulette24.com\/a-propos\/#breadcrumb\",\"itemListElement\":[{\"@type\":\"ListItem\",\"position\":1,\"name\":\"Accueil\",\"item\":\"https:\/\/chezpaulette24.com\/\"},{\"@type\":\"ListItem\",\"position\":2,\"name\":\"\u00c0 propos\"}]},{\"@type\":\"WebSite\",\"@id\":\"https:\/\/chezpaulette24.com\/#website\",\"url\":\"https:\/\/chezpaulette24.com\/\",\"name\":\"Chez Paulette - G\u00eetes en Dordogne, P\u00e9rigord Noir\",\"description\":\"G\u00eetes authentiques pour des vacances r\u00e9ussies en Dordogne\",\"publisher\":{\"@id\":\"https:\/\/chezpaulette24.com\/#organization\"},\"potentialAction\":[{\"@type\":\"SearchAction\",\"target\":{\"@type\":\"EntryPoint\",\"urlTemplate\":\"https:\/\/chezpaulette24.com\/?s={search_term_string}\"},\"query-input\":{\"@type\":\"PropertyValueSpecification\",\"valueRequired\":true,\"valueName\":\"search_term_string\"}}],\"inLanguage\":\"en-GB\"},{\"@type\":\"Organization\",\"@id\":\"https:\/\/chezpaulette24.com\/#organization\",\"name\":\"Chez Paulette - G\u00eetes en Dordogne, P\u00e9rigord Noir\",\"url\":\"https:\/\/chezpaulette24.com\/\",\"logo\":{\"@type\":\"ImageObject\",\"inLanguage\":\"en-GB\",\"@id\":\"https:\/\/chezpaulette24.com\/#\/schema\/logo\/image\/\",\"url\":\"https:\/\/chezpaulette24.com\/wp-content\/uploads\/2024\/11\/Logo-Vert.png\",\"contentUrl\":\"https:\/\/chezpaulette24.com\/wp-content\/uploads\/2024\/11\/Logo-Vert.png\",\"width\":500,\"height\":500,\"caption\":\"Chez Paulette - G\u00eetes en Dordogne, P\u00e9rigord Noir\"},\"image\":{\"@id\":\"https:\/\/chezpaulette24.com\/#\/schema\/logo\/image\/\"}}]}<\/script>\n<!-- \/ Yoast SEO plugin. -->","yoast_head_json":{"title":"\u00c0 propos - Chez Paulette - G\u00eetes en Dordogne, P\u00e9rigord Noir","robots":{"index":"index","follow":"follow","max-snippet":"max-snippet:-1","max-image-preview":"max-image-preview:large","max-video-preview":"max-video-preview:-1"},"canonical":"https:\/\/chezpaulette24.com\/en\/a-propos\/","og_locale":"en_GB","og_type":"article","og_title":"\u00c0 propos - Chez Paulette - G\u00eetes en Dordogne, P\u00e9rigord Noir","og_description":"Massa sed elementum tempus egestas sed sed risus. Risus at ultrices mi tempus imperdiet nulla malesuada pellentesque elit.","og_url":"https:\/\/chezpaulette24.com\/en\/a-propos\/","og_site_name":"Chez Paulette - G\u00eetes en Dordogne, P\u00e9rigord Noir","article_modified_time":"2025-06-09T19:42:37+00:00","og_image":[{"width":1024,"height":576,"url":"https:\/\/chezpaulette24.com\/wp-content\/uploads\/2024\/11\/9DB55699-AD8A-4966-8188-C8D2DF22DAB4_L0_001-17_09_2023-19_03_23-1.jpg","type":"image\/jpeg"}],"twitter_card":"summary_large_image","twitter_misc":{"Estimated reading time":"1 minute"},"schema":{"@context":"https:\/\/schema.org","@graph":[{"@type":"WebPage","@id":"https:\/\/chezpaulette24.com\/a-propos\/","url":"https:\/\/chezpaulette24.com\/a-propos\/","name":"\u00c0 propos - Chez Paulette - G\u00eetes en Dordogne, P\u00e9rigord Noir","isPartOf":{"@id":"https:\/\/chezpaulette24.com\/#website"},"primaryImageOfPage":{"@id":"https:\/\/chezpaulette24.com\/a-propos\/#primaryimage"},"image":{"@id":"https:\/\/chezpaulette24.com\/a-propos\/#primaryimage"},"thumbnailUrl":"https:\/\/chezpaulette24.com\/wp-content\/uploads\/2024\/11\/9DB55699-AD8A-4966-8188-C8D2DF22DAB4_L0_001-17_09_2023-19_03_23-1.jpg","datePublished":"2020-04-17T14:49:25+00:00","dateModified":"2025-06-09T19:42:37+00:00","breadcrumb":{"@id":"https:\/\/chezpaulette24.com\/a-propos\/#breadcrumb"},"inLanguage":"en-GB","potentialAction":[{"@type":"ReadAction","target":["https:\/\/chezpaulette24.com\/a-propos\/"]}]},{"@type":"ImageObject","inLanguage":"en-GB","@id":"https:\/\/chezpaulette24.com\/a-propos\/#primaryimage","url":"https:\/\/chezpaulette24.com\/wp-content\/uploads\/2024\/11\/9DB55699-AD8A-4966-8188-C8D2DF22DAB4_L0_001-17_09_2023-19_03_23-1.jpg","contentUrl":"https:\/\/chezpaulette24.com\/wp-content\/uploads\/2024\/11\/9DB55699-AD8A-4966-8188-C8D2DF22DAB4_L0_001-17_09_2023-19_03_23-1.jpg","width":1024,"height":576,"caption":"Le domaine Chez Paulette"},{"@type":"BreadcrumbList","@id":"https:\/\/chezpaulette24.com\/a-propos\/#breadcrumb","itemListElement":[{"@type":"ListItem","position":1,"name":"Accueil","item":"https:\/\/chezpaulette24.com\/"},{"@type":"ListItem","position":2,"name":"\u00c0 propos"}]},{"@type":"WebSite","@id":"https:\/\/chezpaulette24.com\/#website","url":"https:\/\/chezpaulette24.com\/","name":"Chez Paulette - G\u00eetes en Dordogne, P\u00e9rigord Noir","description":"G\u00eetes authentiques pour des vacances r\u00e9ussies en Dordogne","publisher":{"@id":"https:\/\/chezpaulette24.com\/#organization"},"potentialAction":[{"@type":"SearchAction","target":{"@type":"EntryPoint","urlTemplate":"https:\/\/chezpaulette24.com\/?s={search_term_string}"},"query-input":{"@type":"PropertyValueSpecification","valueRequired":true,"valueName":"search_term_string"}}],"inLanguage":"en-GB"},{"@type":"Organization","@id":"https:\/\/chezpaulette24.com\/#organization","name":"Chez Paulette - G\u00eetes en Dordogne, P\u00e9rigord Noir","url":"https:\/\/chezpaulette24.com\/","logo":{"@type":"ImageObject","inLanguage":"en-GB","@id":"https:\/\/chezpaulette24.com\/#\/schema\/logo\/image\/","url":"https:\/\/chezpaulette24.com\/wp-content\/uploads\/2024\/11\/Logo-Vert.png","contentUrl":"https:\/\/chezpaulette24.com\/wp-content\/uploads\/2024\/11\/Logo-Vert.png","width":500,"height":500,"caption":"Chez Paulette - G\u00eetes en Dordogne, P\u00e9rigord Noir"},"image":{"@id":"https:\/\/chezpaulette24.com\/#\/schema\/logo\/image\/"}}]}},"jetpack_sharing_enabled":true,"_links":{"self":[{"href":"https:\/\/chezpaulette24.com\/en\/wp-json\/wp\/v2\/pages\/164","targetHints":{"allow":["GET"]}}],"collection":[{"href":"https:\/\/chezpaulette24.com\/en\/wp-json\/wp\/v2\/pages"}],"about":[{"href":"https:\/\/chezpaulette24.com\/en\/wp-json\/wp\/v2\/types\/page"}],"author":[{"embeddable":true,"href":"https:\/\/chezpaulette24.com\/en\/wp-json\/wp\/v2\/users\/1"}],"replies":[{"embeddable":true,"href":"https:\/\/chezpaulette24.com\/en\/wp-json\/wp\/v2\/comments?post=164"}],"version-history":[{"count":23,"href":"https:\/\/chezpaulette24.com\/en\/wp-json\/wp\/v2\/pages\/164\/revisions"}],"predecessor-version":[{"id":1156,"href":"https:\/\/chezpaulette24.com\/en\/wp-json\/wp\/v2\/pages\/164\/revisions\/1156"}],"wp:featuredmedia":[{"embeddable":true,"href":"https:\/\/chezpaulette24.com\/en\/wp-json\/wp\/v2\/media\/454"}],"wp:attachment":[{"href":"https:\/\/chezpaulette24.com\/en\/wp-json\/wp\/v2\/media?parent=164"}],"curies":[{"name":"wp","href":"https:\/\/api.w.org\/{rel}","templated":true}]}}