{"id":1067,"date":"2025-05-31T18:13:24","date_gmt":"2025-05-31T16:13:24","guid":{"rendered":"https:\/\/chezpaulette24.com\/?page_id=1067"},"modified":"2025-06-09T15:40:16","modified_gmt":"2025-06-09T13:40:16","slug":"reserver-maintenant","status":"publish","type":"page","link":"https:\/\/chezpaulette24.com\/en\/reserver-maintenant\/","title":{"rendered":"R\u00e9server maintenant"},"content":{"rendered":"<div data-elementor-type=\"wp-page\" data-elementor-id=\"1067\" class=\"elementor elementor-1067\">\n\t\t\t\t<div class=\"elementor-element elementor-element-dad3bb8 e-flex e-con-boxed e-con e-parent\" data-id=\"dad3bb8\" data-element_type=\"container\">\n\t\t\t\t\t<div class=\"e-con-inner\">\n\t\t\t\t<div class=\"elementor-element elementor-element-cee4934 elementor-widget elementor-widget-heading\" data-id=\"cee4934\" data-element_type=\"widget\" data-widget_type=\"heading.default\">\n\t\t\t\t<div class=\"elementor-widget-container\">\n\t\t\t\t\t<h2 class=\"elementor-heading-title elementor-size-default\">Book your stay Chez Paulette \ud83c\udf3b\n<\/h2>\t\t\t\t<\/div>\n\t\t\t\t<\/div>\n\t\t\t\t<div class=\"elementor-element elementor-element-5ba1c77 elementor-widget elementor-widget-text-editor\" data-id=\"5ba1c77\" data-element_type=\"widget\" data-widget_type=\"text-editor.default\">\n\t\t\t\t<div class=\"elementor-widget-container\">\n\t\t\t\t\t\t\t\t\t<p>Simple: choose your dates, add to the cart, confirmed and it is done!<\/p>\t\t\t\t\t\t\t\t<\/div>\n\t\t\t\t<\/div>\n\t\t\t\t\t<\/div>\n\t\t\t\t<\/div>\n\t\t<div class=\"elementor-element elementor-element-9fb2540 e-flex e-con-boxed e-con e-parent\" data-id=\"9fb2540\" data-element_type=\"container\">\n\t\t\t\t\t<div class=\"e-con-inner\">\n\t\t\t\t<div class=\"elementor-element elementor-element-19a25f6 elementor-widget elementor-widget-html\" data-id=\"19a25f6\" data-element_type=\"widget\" data-widget_type=\"html.default\">\n\t\t\t\t<div class=\"elementor-widget-container\">\n\t\t\t\t\t<div style=\"height:900px\">\n<!-- d\u00e9but ke-booking -->\n<div id=\"ke-booking-ibe-frame\" style=\"width:100%;height:100%\">\n<script src=\"https:\/\/widgets.ke-booking.com\/fr\/booking\/engine\/v3\/js\/P06ae0d140542ecdf50653f9f\/ke-booking.js\" type=\"text\/javascript\"><\/script>\n<\/div>\n<!-- fin ke-booking --><\/div>\n\t\t\t\t<\/div>\n\t\t\t\t<\/div>\n\t\t\t\t\t<\/div>\n\t\t\t\t<\/div>\n\t\t\t\t<\/div>","protected":false},"excerpt":{"rendered":"<p>R\u00e9servez votre s\u00e9jour chez Paulette \ud83c\udf3b Simple : choisissez vos dates, confirmez, c&#8217;est fait !<\/p>","protected":false},"author":1,"featured_media":0,"parent":0,"menu_order":0,"comment_status":"closed","ping_status":"closed","template":"","meta":{"footnotes":""},"class_list":["post-1067","page","type-page","status-publish","hentry"],"blocksy_meta":[],"yoast_head":"<!-- This site is optimized with the Yoast SEO plugin v25.3 - https:\/\/yoast.com\/wordpress\/plugins\/seo\/ -->\n<title>R\u00e9server maintenant - Chez Paulette - G\u00eetes en Dordogne, P\u00e9rigord Noir<\/title>\n<meta name=\"robots\" content=\"index, follow, max-snippet:-1, max-image-preview:large, max-video-preview:-1\" \/>\n<link rel=\"canonical\" href=\"https:\/\/chezpaulette24.com\/en\/reserver-maintenant\/\" \/>\n<meta property=\"og:locale\" content=\"en_GB\" \/>\n<meta property=\"og:type\" content=\"article\" \/>\n<meta property=\"og:title\" content=\"R\u00e9server maintenant - Chez Paulette - G\u00eetes en Dordogne, P\u00e9rigord Noir\" \/>\n<meta property=\"og:description\" content=\"R\u00e9servez votre s\u00e9jour chez Paulette \ud83c\udf3b Simple : choisissez vos dates, confirmez, c&#8217;est fait !\" \/>\n<meta property=\"og:url\" content=\"https:\/\/chezpaulette24.com\/en\/reserver-maintenant\/\" \/>\n<meta property=\"og:site_name\" content=\"Chez Paulette - G\u00eetes en Dordogne, P\u00e9rigord Noir\" \/>\n<meta property=\"article:modified_time\" content=\"2025-06-09T13:40:16+00:00\" \/>\n<meta name=\"twitter:card\" content=\"summary_large_image\" \/>\n<script type=\"application\/ld+json\" class=\"yoast-schema-graph\">{\"@context\":\"https:\/\/schema.org\",\"@graph\":[{\"@type\":\"WebPage\",\"@id\":\"https:\/\/chezpaulette24.com\/reserver-maintenant\/\",\"url\":\"https:\/\/chezpaulette24.com\/reserver-maintenant\/\",\"name\":\"R\u00e9server maintenant - Chez Paulette - G\u00eetes en Dordogne, P\u00e9rigord Noir\",\"isPartOf\":{\"@id\":\"https:\/\/chezpaulette24.com\/#website\"},\"datePublished\":\"2025-05-31T16:13:24+00:00\",\"dateModified\":\"2025-06-09T13:40:16+00:00\",\"breadcrumb\":{\"@id\":\"https:\/\/chezpaulette24.com\/reserver-maintenant\/#breadcrumb\"},\"inLanguage\":\"en-GB\",\"potentialAction\":[{\"@type\":\"ReadAction\",\"target\":[\"https:\/\/chezpaulette24.com\/reserver-maintenant\/\"]}]},{\"@type\":\"BreadcrumbList\",\"@id\":\"https:\/\/chezpaulette24.com\/reserver-maintenant\/#breadcrumb\",\"itemListElement\":[{\"@type\":\"ListItem\",\"position\":1,\"name\":\"Accueil\",\"item\":\"https:\/\/chezpaulette24.com\/\"},{\"@type\":\"ListItem\",\"position\":2,\"name\":\"R\u00e9server maintenant\"}]},{\"@type\":\"WebSite\",\"@id\":\"https:\/\/chezpaulette24.com\/#website\",\"url\":\"https:\/\/chezpaulette24.com\/\",\"name\":\"Chez Paulette - G\u00eetes en Dordogne, P\u00e9rigord Noir\",\"description\":\"G\u00eetes authentiques pour des vacances r\u00e9ussies en Dordogne\",\"publisher\":{\"@id\":\"https:\/\/chezpaulette24.com\/#organization\"},\"potentialAction\":[{\"@type\":\"SearchAction\",\"target\":{\"@type\":\"EntryPoint\",\"urlTemplate\":\"https:\/\/chezpaulette24.com\/?s={search_term_string}\"},\"query-input\":{\"@type\":\"PropertyValueSpecification\",\"valueRequired\":true,\"valueName\":\"search_term_string\"}}],\"inLanguage\":\"en-GB\"},{\"@type\":\"Organization\",\"@id\":\"https:\/\/chezpaulette24.com\/#organization\",\"name\":\"Chez Paulette - G\u00eetes en Dordogne, P\u00e9rigord Noir\",\"url\":\"https:\/\/chezpaulette24.com\/\",\"logo\":{\"@type\":\"ImageObject\",\"inLanguage\":\"en-GB\",\"@id\":\"https:\/\/chezpaulette24.com\/#\/schema\/logo\/image\/\",\"url\":\"https:\/\/chezpaulette24.com\/wp-content\/uploads\/2024\/11\/Logo-Vert.png\",\"contentUrl\":\"https:\/\/chezpaulette24.com\/wp-content\/uploads\/2024\/11\/Logo-Vert.png\",\"width\":500,\"height\":500,\"caption\":\"Chez Paulette - G\u00eetes en Dordogne, P\u00e9rigord Noir\"},\"image\":{\"@id\":\"https:\/\/chezpaulette24.com\/#\/schema\/logo\/image\/\"}}]}<\/script>\n<!-- \/ Yoast SEO plugin. -->","yoast_head_json":{"title":"R\u00e9server maintenant - Chez Paulette - G\u00eetes en Dordogne, P\u00e9rigord Noir","robots":{"index":"index","follow":"follow","max-snippet":"max-snippet:-1","max-image-preview":"max-image-preview:large","max-video-preview":"max-video-preview:-1"},"canonical":"https:\/\/chezpaulette24.com\/en\/reserver-maintenant\/","og_locale":"en_GB","og_type":"article","og_title":"R\u00e9server maintenant - Chez Paulette - G\u00eetes en Dordogne, P\u00e9rigord Noir","og_description":"R\u00e9servez votre s\u00e9jour chez Paulette \ud83c\udf3b Simple : choisissez vos dates, confirmez, c&#8217;est fait !","og_url":"https:\/\/chezpaulette24.com\/en\/reserver-maintenant\/","og_site_name":"Chez Paulette - G\u00eetes en Dordogne, P\u00e9rigord Noir","article_modified_time":"2025-06-09T13:40:16+00:00","twitter_card":"summary_large_image","schema":{"@context":"https:\/\/schema.org","@graph":[{"@type":"WebPage","@id":"https:\/\/chezpaulette24.com\/reserver-maintenant\/","url":"https:\/\/chezpaulette24.com\/reserver-maintenant\/","name":"R\u00e9server maintenant - Chez Paulette - G\u00eetes en Dordogne, P\u00e9rigord Noir","isPartOf":{"@id":"https:\/\/chezpaulette24.com\/#website"},"datePublished":"2025-05-31T16:13:24+00:00","dateModified":"2025-06-09T13:40:16+00:00","breadcrumb":{"@id":"https:\/\/chezpaulette24.com\/reserver-maintenant\/#breadcrumb"},"inLanguage":"en-GB","potentialAction":[{"@type":"ReadAction","target":["https:\/\/chezpaulette24.com\/reserver-maintenant\/"]}]},{"@type":"BreadcrumbList","@id":"https:\/\/chezpaulette24.com\/reserver-maintenant\/#breadcrumb","itemListElement":[{"@type":"ListItem","position":1,"name":"Accueil","item":"https:\/\/chezpaulette24.com\/"},{"@type":"ListItem","position":2,"name":"R\u00e9server maintenant"}]},{"@type":"WebSite","@id":"https:\/\/chezpaulette24.com\/#website","url":"https:\/\/chezpaulette24.com\/","name":"Chez Paulette - G\u00eetes en Dordogne, P\u00e9rigord Noir","description":"G\u00eetes authentiques pour des vacances r\u00e9ussies en Dordogne","publisher":{"@id":"https:\/\/chezpaulette24.com\/#organization"},"potentialAction":[{"@type":"SearchAction","target":{"@type":"EntryPoint","urlTemplate":"https:\/\/chezpaulette24.com\/?s={search_term_string}"},"query-input":{"@type":"PropertyValueSpecification","valueRequired":true,"valueName":"search_term_string"}}],"inLanguage":"en-GB"},{"@type":"Organization","@id":"https:\/\/chezpaulette24.com\/#organization","name":"Chez Paulette - G\u00eetes en Dordogne, P\u00e9rigord Noir","url":"https:\/\/chezpaulette24.com\/","logo":{"@type":"ImageObject","inLanguage":"en-GB","@id":"https:\/\/chezpaulette24.com\/#\/schema\/logo\/image\/","url":"https:\/\/chezpaulette24.com\/wp-content\/uploads\/2024\/11\/Logo-Vert.png","contentUrl":"https:\/\/chezpaulette24.com\/wp-content\/uploads\/2024\/11\/Logo-Vert.png","width":500,"height":500,"caption":"Chez Paulette - G\u00eetes en Dordogne, P\u00e9rigord Noir"},"image":{"@id":"https:\/\/chezpaulette24.com\/#\/schema\/logo\/image\/"}}]}},"jetpack_sharing_enabled":true,"_links":{"self":[{"href":"https:\/\/chezpaulette24.com\/en\/wp-json\/wp\/v2\/pages\/1067","targetHints":{"allow":["GET"]}}],"collection":[{"href":"https:\/\/chezpaulette24.com\/en\/wp-json\/wp\/v2\/pages"}],"about":[{"href":"https:\/\/chezpaulette24.com\/en\/wp-json\/wp\/v2\/types\/page"}],"author":[{"embeddable":true,"href":"https:\/\/chezpaulette24.com\/en\/wp-json\/wp\/v2\/users\/1"}],"replies":[{"embeddable":true,"href":"https:\/\/chezpaulette24.com\/en\/wp-json\/wp\/v2\/comments?post=1067"}],"version-history":[{"count":32,"href":"https:\/\/chezpaulette24.com\/en\/wp-json\/wp\/v2\/pages\/1067\/revisions"}],"predecessor-version":[{"id":1136,"href":"https:\/\/chezpaulette24.com\/en\/wp-json\/wp\/v2\/pages\/1067\/revisions\/1136"}],"wp:attachment":[{"href":"https:\/\/chezpaulette24.com\/en\/wp-json\/wp\/v2\/media?parent=1067"}],"curies":[{"name":"wp","href":"https:\/\/api.w.org\/{rel}","templated":true}]}}